{"id":9533,"date":"2024-05-15T09:50:50","date_gmt":"2024-05-15T09:50:50","guid":{"rendered":"https:\/\/www.drfuadsofuoglu.com\/en\/?page_id=9533"},"modified":"2024-06-07T07:08:09","modified_gmt":"2024-06-07T07:08:09","slug":"expectations","status":"publish","type":"page","link":"https:\/\/www.drfuadsofuoglu.com\/en\/expectations\/","title":{"rendered":"Expectations"},"content":{"rendered":"\t\t<div data-elementor-type=\"wp-page\" data-elementor-id=\"9533\" class=\"elementor elementor-9533\">\n\t\t\t\t\t\t<section class=\"elementor-section elementor-top-section elementor-element elementor-element-11e3b3d elementor-section-boxed elementor-section-height-default elementor-section-height-default qodef-elementor-content-no\" data-id=\"11e3b3d\" data-element_type=\"section\">\n\t\t\t\t\t\t<div class=\"elementor-container elementor-column-gap-default\">\n\t\t\t\t\t<div class=\"elementor-column elementor-col-100 elementor-top-column elementor-element elementor-element-7727fdf\" data-id=\"7727fdf\" data-element_type=\"column\">\n\t\t\t<div class=\"elementor-widget-wrap elementor-element-populated\">\n\t\t\t\t\t\t<div class=\"elementor-element elementor-element-123e188 elementor-widget elementor-widget-text-editor\" data-id=\"123e188\" data-element_type=\"widget\" data-widget_type=\"text-editor.default\">\n\t\t\t\t<div class=\"elementor-widget-container\">\n\t\t\t\t\t\t\t\t\t<ul><li>\u0130lk 3 g\u00fcn g\u00f6z \u00e7evresinde ve burun \u00e7evresinde rahats\u0131zl\u0131k hissi ve morarma olmas\u0131 normaldir. \u015ei\u015flik ve morluklar\u0131n \u00e7o\u011fu 2 hafta i\u00e7erisinde ge\u00e7er. Sadece hastan\u0131n fark edebilece\u011fi hafif bir \u015fi\u015flik birka\u00e7 ay boyunca kalabilir.<\/li><li>Ameliyattan sonra birka\u00e7 hafta boyunca burun i\u00e7inde ve d\u0131\u015f\u0131nda \u015fi\u015flik olu\u015fmas\u0131 normaldir.<\/li><li>Genelde piezo rinoplasti ameliyatlar\u0131 sonras\u0131nda 2. g\u00fcnden itibaren g\u00f6z \u00e7evresinde \u00f6dem olu\u015fmaya ba\u015flar. \u0130lk g\u00fcn olmayan bu \u00f6demin 2. g\u00fcnde olu\u015fup artmas\u0131na endi\u015fe edilmemeli.<\/li><li>A\u011fr\u0131, burun t\u0131kan\u0131kl\u0131\u011f\u0131 ve geniz ak\u0131nt\u0131s\u0131 olu\u015fabilir.<\/li><li>A\u011fr\u0131 kesici ila\u00e7 hekiminiz taraf\u0131ndan re\u00e7ete edilecektir.<\/li><li>Ameliyat b\u00f6lgesinde hafif bir uyu\u015fukluk olmas\u0131 normaldir.<\/li><li>\u015ei\u015flik nedeniyle, nefes al\u0131p verirken biraz rahats\u0131zl\u0131k duyulabilir.<\/li><li>Kulaklar t\u0131kal\u0131ym\u0131\u015f gibi bir his olu\u015fmas\u0131 normaldir.<\/li><li>1-2 g\u00fcn boyunca kanl\u0131 ak\u0131nt\u0131 olu\u015fmas\u0131 normaldir.<\/li><li>Ameliyattan sonra g\u00fcne\u015fe \u00e7\u0131k\u0131ld\u0131\u011f\u0131nda 6 ay boyunca g\u00fcne\u015f kremi kullan\u0131lmal\u0131.<\/li><li>Hafif depresyon hissi olmas\u0131 normaldir ancak \u015fiddetli belirtiler olursa hekime dan\u0131\u015f\u0131lmal\u0131.<\/li><li>En iyi sonu\u00e7lar\u0131n geli\u015fmesi cilt tipine g\u00f6re farkl\u0131l\u0131k g\u00f6stermekle beraber 1-2 y\u0131l\u0131 bulabilir<\/li><\/ul>\t\t\t\t\t\t\t\t<\/div>\n\t\t\t\t<\/div>\n\t\t\t\t\t<\/div>\n\t\t<\/div>\n\t\t\t\t\t<\/div>\n\t\t<\/section>\n\t\t\t\t<\/div>\n\t\t","protected":false},"excerpt":{"rendered":"<p>\u0130lk 3 g\u00fcn g\u00f6z \u00e7evresinde ve burun \u00e7evresinde rahats\u0131zl\u0131k hissi ve morarma olmas\u0131 normaldir. \u015ei\u015flik ve morluklar\u0131n \u00e7o\u011fu 2 hafta i\u00e7erisinde ge\u00e7er. Sadece hastan\u0131n fark edebilece\u011fi hafif bir \u015fi\u015flik birka\u00e7 ay boyunca kalabilir. Ameliyattan sonra birka\u00e7 hafta boyunca burun i\u00e7inde ve d\u0131\u015f\u0131nda \u015fi\u015flik olu\u015fmas\u0131 normaldir. Genelde piezo rinoplasti ameliyatlar\u0131 sonras\u0131nda 2. g\u00fcnden itibaren g\u00f6z \u00e7evresinde [&hellip;]<\/p>\n","protected":false},"author":1,"featured_media":0,"parent":0,"menu_order":0,"comment_status":"closed","ping_status":"closed","template":"","meta":{"footnotes":""},"_links":{"self":[{"href":"https:\/\/www.drfuadsofuoglu.com\/en\/wp-json\/wp\/v2\/pages\/9533"}],"collection":[{"href":"https:\/\/www.drfuadsofuoglu.com\/en\/wp-json\/wp\/v2\/pages"}],"about":[{"href":"https:\/\/www.drfuadsofuoglu.com\/en\/wp-json\/wp\/v2\/types\/page"}],"author":[{"embeddable":true,"href":"https:\/\/www.drfuadsofuoglu.com\/en\/wp-json\/wp\/v2\/users\/1"}],"replies":[{"embeddable":true,"href":"https:\/\/www.drfuadsofuoglu.com\/en\/wp-json\/wp\/v2\/comments?post=9533"}],"version-history":[{"count":5,"href":"https:\/\/www.drfuadsofuoglu.com\/en\/wp-json\/wp\/v2\/pages\/9533\/revisions"}],"predecessor-version":[{"id":9687,"href":"https:\/\/www.drfuadsofuoglu.com\/en\/wp-json\/wp\/v2\/pages\/9533\/revisions\/9687"}],"wp:attachment":[{"href":"https:\/\/www.drfuadsofuoglu.com\/en\/wp-json\/wp\/v2\/media?parent=9533"}],"curies":[{"name":"wp","href":"https:\/\/api.w.org\/{rel}","templated":true}]}}